{"id":25681,"date":"2025-02-03T12:13:12","date_gmt":"2025-02-03T11:13:12","guid":{"rendered":"https:\/\/sfb1436.de\/?page_id=25681"},"modified":"2025-05-19T06:30:25","modified_gmt":"2025-05-19T04:30:25","slug":"2021-2024-klinische-experten","status":"publish","type":"page","link":"https:\/\/sfb1436.de\/de\/projekte\/archiv-sfb-1436-1-2021-2024\/2021-2024-klinische-experten\/","title":{"rendered":"Klinische Experten (2021-2024)"},"content":{"rendered":"\n<div class=\"wp-block-uagb-section uagb-section__wrap uagb-section__background-color uagb-block-e037ceff badge-title\"><div class=\"uagb-section__overlay\"><\/div><div class=\"uagb-section__inner-wrap\">\n<p class=\"has-text-align-center wp-block-paragraph\">Team<\/p>\n<\/div><\/div>\n\n\n\n<div class=\"wp-block-group alignwide has-white-background-color has-background is-layout-flow wp-block-group-is-layout-flow\">\n<div class=\"wp-block-columns are-vertically-aligned-center is-layout-flex wp-container-core-columns-is-layout-b418dbf2 wp-block-columns-is-layout-flex\" style=\"margin-top:0px;margin-bottom:0px;padding-top:0px;padding-bottom:0px\">\n<div class=\"wp-block-column is-vertically-aligned-center is-layout-flow wp-block-column-is-layout-flow\" style=\"padding-top:0px;padding-right:0px;padding-bottom:0px;padding-left:0px\">\n<p class=\"has-text-align-center wp-block-paragraph\">Der SFB 1436 wird au\u00dferdem durch ein Team an klinischen Wissenschaftlern unterst\u00fctzt.<\/p>\n<\/div>\n<\/div>\n<\/div>\n\n\n\n<div class=\"wp-block-columns alignwide is-layout-flex wp-container-core-columns-is-layout-f56f613f wp-block-columns-is-layout-flex\">\n<div class=\"wp-block-column is-vertically-aligned-center is-layout-flow wp-block-column-is-layout-flow\" style=\"flex-basis:1350px\">\n<figure class=\"wp-block-gallery aligncenter has-nested-images columns-5 is-cropped wp-block-gallery-1 is-layout-flex wp-block-gallery-is-layout-flex\">\n<figure class=\"wp-block-image size-large\"><img fetchpriority=\"high\" decoding=\"async\" width=\"1024\" height=\"683\" data-id=\"16328\" src=\"https:\/\/sfb1436.de\/wp-content\/uploads\/2022\/12\/M_Butryn-1024x683.jpg\" alt=\"SFB 1436 Mitglied Michaela Butryn\" class=\"wp-image-16328\" srcset=\"https:\/\/sfb1436.de\/wp-content\/uploads\/2022\/12\/M_Butryn-1024x683.jpg 1024w, https:\/\/sfb1436.de\/wp-content\/uploads\/2022\/12\/M_Butryn-300x200.jpg 300w, https:\/\/sfb1436.de\/wp-content\/uploads\/2022\/12\/M_Butryn-768x512.jpg 768w, https:\/\/sfb1436.de\/wp-content\/uploads\/2022\/12\/M_Butryn-1536x1024.jpg 1536w, https:\/\/sfb1436.de\/wp-content\/uploads\/2022\/12\/M_Butryn-2048x1365.jpg 2048w, https:\/\/sfb1436.de\/wp-content\/uploads\/2022\/12\/M_Butryn-1600x1067.jpg 1600w\" sizes=\"(max-width: 1024px) 100vw, 1024px\" \/><figcaption class=\"wp-element-caption\">Dr. Michaela Butryn<\/figcaption><\/figure>\n\n\n\n<figure class=\"wp-block-image size-large\"><img decoding=\"async\" data-id=\"15846\" src=\"https:\/\/sfb1436.de\/wp-content\/uploads\/2022\/10\/Ugur_Cikrikcili-e1675176696624.jpg\" alt=\"SFB 1436 Mitglied Ugur Cikrikcili\" class=\"wp-image-15846\"\/><figcaption class=\"wp-element-caption\">Ugur Cikrikcili<\/figcaption><\/figure>\n\n\n\n<figure class=\"wp-block-image size-large\"><img decoding=\"async\" width=\"891\" height=\"1024\" data-id=\"2811\" src=\"https:\/\/sfb1436.de\/wp-content\/uploads\/2022\/01\/no-image-men-2-891x1024.png\" alt=\"Platzhalter SFB 1436 Magdeburg Mitglieder kein Foto\" class=\"wp-image-2811\" srcset=\"https:\/\/sfb1436.de\/wp-content\/uploads\/2022\/01\/no-image-men-2-891x1024.png 891w, https:\/\/sfb1436.de\/wp-content\/uploads\/2022\/01\/no-image-men-2-261x300.png 261w, https:\/\/sfb1436.de\/wp-content\/uploads\/2022\/01\/no-image-men-2-768x883.png 768w, https:\/\/sfb1436.de\/wp-content\/uploads\/2022\/01\/no-image-men-2-1600x1839.png 1600w, https:\/\/sfb1436.de\/wp-content\/uploads\/2022\/01\/no-image-men-2-1337x1536.png 1337w, https:\/\/sfb1436.de\/wp-content\/uploads\/2022\/01\/no-image-men-2.png 1628w\" sizes=\"(max-width: 891px) 100vw, 891px\" \/><figcaption class=\"wp-element-caption\">Dr. Wenzel Glanz<\/figcaption><\/figure>\n\n\n\n<figure class=\"wp-block-image size-large\"><img decoding=\"async\" width=\"800\" height=\"780\" data-id=\"2862\" src=\"https:\/\/sfb1436.de\/wp-content\/uploads\/2022\/01\/no-image-woman-1.png\" alt=\"Platzhalter SFB 1436 Magdeburg Mitglieder kein Foto\" class=\"wp-image-2862\" srcset=\"https:\/\/sfb1436.de\/wp-content\/uploads\/2022\/01\/no-image-woman-1.png 800w, https:\/\/sfb1436.de\/wp-content\/uploads\/2022\/01\/no-image-woman-1-300x293.png 300w, https:\/\/sfb1436.de\/wp-content\/uploads\/2022\/01\/no-image-woman-1-768x749.png 768w\" sizes=\"(max-width: 800px) 100vw, 800px\" \/><figcaption class=\"wp-element-caption\">Enise I. Incesoy<\/figcaption><\/figure>\n\n\n\n<figure class=\"wp-block-image size-large\"><img loading=\"lazy\" decoding=\"async\" width=\"683\" height=\"1024\" data-id=\"16033\" src=\"https:\/\/sfb1436.de\/wp-content\/uploads\/2022\/10\/Patrick_Mu\u0308ller-683x1024.jpg\" alt=\"SFB 1436 Mitglied Patrick M\u00fcller\" class=\"wp-image-16033\" srcset=\"https:\/\/sfb1436.de\/wp-content\/uploads\/2022\/10\/Patrick_Mu\u0308ller-683x1024.jpg 683w, https:\/\/sfb1436.de\/wp-content\/uploads\/2022\/10\/Patrick_Mu\u0308ller-200x300.jpg 200w, https:\/\/sfb1436.de\/wp-content\/uploads\/2022\/10\/Patrick_Mu\u0308ller-768x1151.jpg 768w, https:\/\/sfb1436.de\/wp-content\/uploads\/2022\/10\/Patrick_Mu\u0308ller-1600x2399.jpg 1600w, https:\/\/sfb1436.de\/wp-content\/uploads\/2022\/10\/Patrick_Mu\u0308ller-1025x1536.jpg 1025w, https:\/\/sfb1436.de\/wp-content\/uploads\/2022\/10\/Patrick_Mu\u0308ller-1366x2048.jpg 1366w, https:\/\/sfb1436.de\/wp-content\/uploads\/2022\/10\/Patrick_Mu\u0308ller-scaled.jpg 1708w\" sizes=\"(max-width: 683px) 100vw, 683px\" \/><figcaption class=\"wp-element-caption\">Patrick M\u00fcller<\/figcaption><\/figure>\n<\/figure>\n<\/div>\n<\/div>\n\n\n\n<div style=\"height:50px\" aria-hidden=\"true\" class=\"wp-block-spacer\"><\/div>\n","protected":false},"excerpt":{"rendered":"<p>Der SFB 1436 wird au\u00dferdem durch ein Team an klinischen Wissenschaftlern unterst\u00fctzt.<\/p>\n","protected":false},"author":4,"featured_media":0,"parent":24930,"menu_order":0,"comment_status":"closed","ping_status":"closed","template":"","meta":{"_crdt_document":"","_uag_custom_page_level_css":"","footnotes":""},"class_list":["post-25681","page","type-page","status-publish","hentry"],"yoast_head":"<!-- This site is optimized with the Yoast SEO plugin v27.1.1 - https:\/\/yoast.com\/product\/yoast-seo-wordpress\/ -->\n<title>Klinische Experten- SFB1436<\/title>\n<meta name=\"description\" content=\"Der Sonderforschungsbereich der Neurowissenschaften (SFB 1436) wird au\u00dferdem durch ein Team an klinischen Wissenschaftlern unterst\u00fctzt.\" \/>\n<meta name=\"robots\" content=\"index, follow, max-snippet:-1, max-image-preview:large, max-video-preview:-1\" \/>\n<link rel=\"canonical\" href=\"https:\/\/sfb1436.de\/de\/projekte\/archiv-sfb-1436-1-2021-2024\/2021-2024-klinische-experten\/\" \/>\n<meta property=\"og:locale\" content=\"de_DE\" \/>\n<meta property=\"og:type\" content=\"article\" \/>\n<meta property=\"og:title\" content=\"Klinische Experten- SFB1436\" \/>\n<meta property=\"og:description\" content=\"Der Sonderforschungsbereich der Neurowissenschaften (SFB 1436) wird au\u00dferdem durch ein Team an klinischen Wissenschaftlern unterst\u00fctzt.\" \/>\n<meta property=\"og:url\" content=\"https:\/\/sfb1436.de\/de\/projekte\/archiv-sfb-1436-1-2021-2024\/2021-2024-klinische-experten\/\" \/>\n<meta property=\"og:site_name\" content=\"SFB1436\" \/>\n<meta property=\"article:modified_time\" content=\"2025-05-19T04:30:25+00:00\" \/>\n<meta property=\"og:image\" content=\"https:\/\/sfb1436.de\/wp-content\/uploads\/2022\/12\/M_Butryn-scaled.jpg\" \/>\n\t<meta property=\"og:image:width\" content=\"2560\" \/>\n\t<meta property=\"og:image:height\" content=\"1707\" \/>\n\t<meta property=\"og:image:type\" content=\"image\/jpeg\" \/>\n<meta name=\"twitter:card\" content=\"summary_large_image\" \/>\n<script type=\"application\/ld+json\" class=\"yoast-schema-graph\">{\"@context\":\"https:\/\/schema.org\",\"@graph\":[{\"@type\":\"WebPage\",\"@id\":\"https:\/\/sfb1436.de\/de\/projekte\/archiv-sfb-1436-1-2021-2024\/2021-2024-klinische-experten\/\",\"url\":\"https:\/\/sfb1436.de\/de\/projekte\/archiv-sfb-1436-1-2021-2024\/2021-2024-klinische-experten\/\",\"name\":\"Klinische Experten- SFB1436\",\"isPartOf\":{\"@id\":\"https:\/\/sfb1436.de\/de\/#website\"},\"primaryImageOfPage\":{\"@id\":\"https:\/\/sfb1436.de\/de\/projekte\/archiv-sfb-1436-1-2021-2024\/2021-2024-klinische-experten\/#primaryimage\"},\"image\":{\"@id\":\"https:\/\/sfb1436.de\/de\/projekte\/archiv-sfb-1436-1-2021-2024\/2021-2024-klinische-experten\/#primaryimage\"},\"thumbnailUrl\":\"https:\/\/sfb1436.de\/wp-content\/uploads\/2022\/12\/M_Butryn-1024x683.jpg\",\"datePublished\":\"2025-02-03T11:13:12+00:00\",\"dateModified\":\"2025-05-19T04:30:25+00:00\",\"description\":\"Der Sonderforschungsbereich der Neurowissenschaften (SFB 1436) wird au\u00dferdem durch ein Team an klinischen Wissenschaftlern unterst\u00fctzt.\",\"breadcrumb\":{\"@id\":\"https:\/\/sfb1436.de\/de\/projekte\/archiv-sfb-1436-1-2021-2024\/2021-2024-klinische-experten\/#breadcrumb\"},\"inLanguage\":\"de\",\"potentialAction\":[{\"@type\":\"ReadAction\",\"target\":[\"https:\/\/sfb1436.de\/de\/projekte\/archiv-sfb-1436-1-2021-2024\/2021-2024-klinische-experten\/\"]}]},{\"@type\":\"ImageObject\",\"inLanguage\":\"de\",\"@id\":\"https:\/\/sfb1436.de\/de\/projekte\/archiv-sfb-1436-1-2021-2024\/2021-2024-klinische-experten\/#primaryimage\",\"url\":\"https:\/\/sfb1436.de\/wp-content\/uploads\/2022\/12\/M_Butryn-1024x683.jpg\",\"contentUrl\":\"https:\/\/sfb1436.de\/wp-content\/uploads\/2022\/12\/M_Butryn-1024x683.jpg\"},{\"@type\":\"BreadcrumbList\",\"@id\":\"https:\/\/sfb1436.de\/de\/projekte\/archiv-sfb-1436-1-2021-2024\/2021-2024-klinische-experten\/#breadcrumb\",\"itemListElement\":[{\"@type\":\"ListItem\",\"position\":1,\"name\":\"Startseite\",\"item\":\"https:\/\/sfb1436.de\/de\/\"},{\"@type\":\"ListItem\",\"position\":2,\"name\":\"Unsere Projekte\",\"item\":\"https:\/\/sfb1436.de\/de\/projekte\/\"},{\"@type\":\"ListItem\",\"position\":3,\"name\":\"Archiv SFB 1436\/1 (2021-2024)\",\"item\":\"https:\/\/sfb1436.de\/de\/projekte\/archiv-sfb-1436-1-2021-2024\/\"},{\"@type\":\"ListItem\",\"position\":4,\"name\":\"Klinische Experten (2021-2024)\"}]},{\"@type\":\"WebSite\",\"@id\":\"https:\/\/sfb1436.de\/de\/#website\",\"url\":\"https:\/\/sfb1436.de\/de\/\",\"name\":\"SFB1436\",\"description\":\"\",\"publisher\":{\"@id\":\"https:\/\/sfb1436.de\/de\/#organization\"},\"potentialAction\":[{\"@type\":\"SearchAction\",\"target\":{\"@type\":\"EntryPoint\",\"urlTemplate\":\"https:\/\/sfb1436.de\/de\/?s={search_term_string}\"},\"query-input\":{\"@type\":\"PropertyValueSpecification\",\"valueRequired\":true,\"valueName\":\"search_term_string\"}}],\"inLanguage\":\"de\"},{\"@type\":\"Organization\",\"@id\":\"https:\/\/sfb1436.de\/de\/#organization\",\"name\":\"Otto-von-Guericke Universit\u00e4t Medizinische Fakult\u00e4t Institut f\u00fcr Kognitive Neurologie und Demenzforschung\",\"url\":\"https:\/\/sfb1436.de\/de\/\",\"logo\":{\"@type\":\"ImageObject\",\"inLanguage\":\"de\",\"@id\":\"https:\/\/sfb1436.de\/de\/#\/schema\/logo\/image\/\",\"url\":\"https:\/\/sfb1436.de\/wp-content\/uploads\/2021\/12\/logo-sfb.png\",\"contentUrl\":\"https:\/\/sfb1436.de\/wp-content\/uploads\/2021\/12\/logo-sfb.png\",\"width\":1244,\"height\":820,\"caption\":\"Otto-von-Guericke Universit\u00e4t Medizinische Fakult\u00e4t Institut f\u00fcr Kognitive Neurologie und Demenzforschung\"},\"image\":{\"@id\":\"https:\/\/sfb1436.de\/de\/#\/schema\/logo\/image\/\"}}]}<\/script>\n<!-- \/ Yoast SEO plugin. -->","yoast_head_json":{"title":"Klinische Experten- SFB1436","description":"Der Sonderforschungsbereich der Neurowissenschaften (SFB 1436) wird au\u00dferdem durch ein Team an klinischen Wissenschaftlern unterst\u00fctzt.","robots":{"index":"index","follow":"follow","max-snippet":"max-snippet:-1","max-image-preview":"max-image-preview:large","max-video-preview":"max-video-preview:-1"},"canonical":"https:\/\/sfb1436.de\/de\/projekte\/archiv-sfb-1436-1-2021-2024\/2021-2024-klinische-experten\/","og_locale":"de_DE","og_type":"article","og_title":"Klinische Experten- SFB1436","og_description":"Der Sonderforschungsbereich der Neurowissenschaften (SFB 1436) wird au\u00dferdem durch ein Team an klinischen Wissenschaftlern unterst\u00fctzt.","og_url":"https:\/\/sfb1436.de\/de\/projekte\/archiv-sfb-1436-1-2021-2024\/2021-2024-klinische-experten\/","og_site_name":"SFB1436","article_modified_time":"2025-05-19T04:30:25+00:00","og_image":[{"width":2560,"height":1707,"url":"https:\/\/sfb1436.de\/wp-content\/uploads\/2022\/12\/M_Butryn-scaled.jpg","type":"image\/jpeg"}],"twitter_card":"summary_large_image","schema":{"@context":"https:\/\/schema.org","@graph":[{"@type":"WebPage","@id":"https:\/\/sfb1436.de\/de\/projekte\/archiv-sfb-1436-1-2021-2024\/2021-2024-klinische-experten\/","url":"https:\/\/sfb1436.de\/de\/projekte\/archiv-sfb-1436-1-2021-2024\/2021-2024-klinische-experten\/","name":"Klinische Experten- SFB1436","isPartOf":{"@id":"https:\/\/sfb1436.de\/de\/#website"},"primaryImageOfPage":{"@id":"https:\/\/sfb1436.de\/de\/projekte\/archiv-sfb-1436-1-2021-2024\/2021-2024-klinische-experten\/#primaryimage"},"image":{"@id":"https:\/\/sfb1436.de\/de\/projekte\/archiv-sfb-1436-1-2021-2024\/2021-2024-klinische-experten\/#primaryimage"},"thumbnailUrl":"https:\/\/sfb1436.de\/wp-content\/uploads\/2022\/12\/M_Butryn-1024x683.jpg","datePublished":"2025-02-03T11:13:12+00:00","dateModified":"2025-05-19T04:30:25+00:00","description":"Der Sonderforschungsbereich der Neurowissenschaften (SFB 1436) wird au\u00dferdem durch ein Team an klinischen Wissenschaftlern unterst\u00fctzt.","breadcrumb":{"@id":"https:\/\/sfb1436.de\/de\/projekte\/archiv-sfb-1436-1-2021-2024\/2021-2024-klinische-experten\/#breadcrumb"},"inLanguage":"de","potentialAction":[{"@type":"ReadAction","target":["https:\/\/sfb1436.de\/de\/projekte\/archiv-sfb-1436-1-2021-2024\/2021-2024-klinische-experten\/"]}]},{"@type":"ImageObject","inLanguage":"de","@id":"https:\/\/sfb1436.de\/de\/projekte\/archiv-sfb-1436-1-2021-2024\/2021-2024-klinische-experten\/#primaryimage","url":"https:\/\/sfb1436.de\/wp-content\/uploads\/2022\/12\/M_Butryn-1024x683.jpg","contentUrl":"https:\/\/sfb1436.de\/wp-content\/uploads\/2022\/12\/M_Butryn-1024x683.jpg"},{"@type":"BreadcrumbList","@id":"https:\/\/sfb1436.de\/de\/projekte\/archiv-sfb-1436-1-2021-2024\/2021-2024-klinische-experten\/#breadcrumb","itemListElement":[{"@type":"ListItem","position":1,"name":"Startseite","item":"https:\/\/sfb1436.de\/de\/"},{"@type":"ListItem","position":2,"name":"Unsere Projekte","item":"https:\/\/sfb1436.de\/de\/projekte\/"},{"@type":"ListItem","position":3,"name":"Archiv SFB 1436\/1 (2021-2024)","item":"https:\/\/sfb1436.de\/de\/projekte\/archiv-sfb-1436-1-2021-2024\/"},{"@type":"ListItem","position":4,"name":"Klinische Experten (2021-2024)"}]},{"@type":"WebSite","@id":"https:\/\/sfb1436.de\/de\/#website","url":"https:\/\/sfb1436.de\/de\/","name":"SFB1436","description":"","publisher":{"@id":"https:\/\/sfb1436.de\/de\/#organization"},"potentialAction":[{"@type":"SearchAction","target":{"@type":"EntryPoint","urlTemplate":"https:\/\/sfb1436.de\/de\/?s={search_term_string}"},"query-input":{"@type":"PropertyValueSpecification","valueRequired":true,"valueName":"search_term_string"}}],"inLanguage":"de"},{"@type":"Organization","@id":"https:\/\/sfb1436.de\/de\/#organization","name":"Otto-von-Guericke Universit\u00e4t Medizinische Fakult\u00e4t Institut f\u00fcr Kognitive Neurologie und Demenzforschung","url":"https:\/\/sfb1436.de\/de\/","logo":{"@type":"ImageObject","inLanguage":"de","@id":"https:\/\/sfb1436.de\/de\/#\/schema\/logo\/image\/","url":"https:\/\/sfb1436.de\/wp-content\/uploads\/2021\/12\/logo-sfb.png","contentUrl":"https:\/\/sfb1436.de\/wp-content\/uploads\/2021\/12\/logo-sfb.png","width":1244,"height":820,"caption":"Otto-von-Guericke Universit\u00e4t Medizinische Fakult\u00e4t Institut f\u00fcr Kognitive Neurologie und Demenzforschung"},"image":{"@id":"https:\/\/sfb1436.de\/de\/#\/schema\/logo\/image\/"}}]}},"uagb_featured_image_src":{"full":false,"thumbnail":false,"medium":false,"medium_large":false,"large":false,"gs-tiny":false,"xl":false,"xxl":false,"xxxl":false,"xxxxl":false,"xxxxxl":false,"1536x1536":false,"2048x2048":false,"awsm_team":false},"uagb_author_info":{"display_name":"redakteur","author_link":"https:\/\/sfb1436.de\/de\/author\/redakteur\/"},"uagb_comment_info":0,"uagb_excerpt":"Der SFB 1436 wird au\u00dferdem durch ein Team an klinischen Wissenschaftlern unterst\u00fctzt.","_links":{"self":[{"href":"https:\/\/sfb1436.de\/de\/wp-json\/wp\/v2\/pages\/25681","targetHints":{"allow":["GET"]}}],"collection":[{"href":"https:\/\/sfb1436.de\/de\/wp-json\/wp\/v2\/pages"}],"about":[{"href":"https:\/\/sfb1436.de\/de\/wp-json\/wp\/v2\/types\/page"}],"author":[{"embeddable":true,"href":"https:\/\/sfb1436.de\/de\/wp-json\/wp\/v2\/users\/4"}],"replies":[{"embeddable":true,"href":"https:\/\/sfb1436.de\/de\/wp-json\/wp\/v2\/comments?post=25681"}],"version-history":[{"count":4,"href":"https:\/\/sfb1436.de\/de\/wp-json\/wp\/v2\/pages\/25681\/revisions"}],"predecessor-version":[{"id":27802,"href":"https:\/\/sfb1436.de\/de\/wp-json\/wp\/v2\/pages\/25681\/revisions\/27802"}],"up":[{"embeddable":true,"href":"https:\/\/sfb1436.de\/de\/wp-json\/wp\/v2\/pages\/24930"}],"wp:attachment":[{"href":"https:\/\/sfb1436.de\/de\/wp-json\/wp\/v2\/media?parent=25681"}],"curies":[{"name":"wp","href":"https:\/\/api.w.org\/{rel}","templated":true}]}}