{"id":13787,"date":"2022-06-21T10:18:35","date_gmt":"2022-06-21T08:18:35","guid":{"rendered":"https:\/\/sfb1436.de\/impressum\/"},"modified":"2023-08-21T12:17:39","modified_gmt":"2023-08-21T10:17:39","slug":"impressum","status":"publish","type":"page","link":"https:\/\/sfb1436.de\/de\/impressum\/","title":{"rendered":"Impressum"},"content":{"rendered":"\n<div style=\"height:20px\" aria-hidden=\"true\" class=\"wp-block-spacer\"><\/div>\n\n\n\n<p class=\"wp-block-paragraph\"><strong>Betreiber der Domain Sonderforschungsbereich 1436<\/strong><\/p>\n\n\n\n<p class=\"wp-block-paragraph\">Betreiber der Domain www.sfb1436.de, www.unlockingcognition.org, www.gehirn-mobilisieren.de<\/p>\n\n\n\n<p class=\"wp-block-paragraph\">Otto-von-Guericke Universit\u00e4t<br>Medizinische Fakult\u00e4t<br>Institut f\u00fcr Kognitive Neurologie und Demenzforschung<br>Leipziger Str. 44<br>39120 Magdeburg<\/p>\n\n\n\n<p class=\"wp-block-paragraph\">Ansprechpartner: Dr. Julia R\u00f6diger<\/p>\n\n\n\n<p class=\"wp-block-paragraph\">Tel.: +49-391-67-25058<br>Fax: +49-391-67-25060<\/p>\n\n\n\n<p class=\"wp-block-paragraph\">Web: http:\/\/www.med.uni-magdeburg.de<\/p>\n\n\n\n<p class=\"wp-block-paragraph\">Haftungsausschluss \/ Copyright:<\/p>\n\n\n\n<p class=\"wp-block-paragraph\">1. Inhalt des Online-Angebots<\/p>\n\n\n\n<p class=\"wp-block-paragraph\">Die Otto-von-Guericke-Universit\u00e4t Magdeburg, Medizinische Fakult\u00e4t, \u00fcbernimmt trotz sorgf\u00e4ltiger Beschaffung und Bereitstellung keine Haftung f\u00fcr die Richtigkeit, Vollst\u00e4ndigkeit, Genauigkeit, Aktualit\u00e4t oder Qualit\u00e4t der bereitgestellten, zum Abruf bereitgehaltenen und angezeigten Seiten und sonstigen zug\u00e4nglichen Inhalte. Haftungsanspr\u00fcche gegen die Medizinische Fakult\u00e4t der Otto-von-Guericke-Universit\u00e4t Magdeburg, die sich auf Sch\u00e4den materieller oder ideeller Art beziehen, die durch die Nutzung oder Nichtnutzung der dargebotenen Informationen bzw. durch die Nutzung fehlerhafter und unvollst\u00e4ndiger Informationen verursacht wurden, sind grunds\u00e4tzlich ausgeschlossen, sofern seitens der Medizinischen Fakult\u00e4t der Otto-von-Guericke-Universit\u00e4t Magdeburg kein nachweislich vors\u00e4tzliches oder grob fahrl\u00e4ssiges Verschulden vorliegt.<\/p>\n\n\n\n<p class=\"wp-block-paragraph\">Die zum Abruf bereit gehaltenen und angezeigten Seiten dienen ausschlie\u00dflich zur Information der Besucher des Online-Angebots der Medizinische Fakult\u00e4t der Otto-von-Guericke-Universit\u00e4t Magdeburg und stellen keine Beratung oder sonstige Empfehlung dar. Das Online-Angebot (Text- und Bildmaterial) wird den Besuchern ausschlie\u00dflich zum privaten, eigenen Gebrauch zur Verf\u00fcgung gestellt. Jede gewerbliche Nutzung der Inhalte dieses Online-Angebots ist unzul\u00e4ssig.<\/p>\n\n\n\n<p class=\"wp-block-paragraph\">Alle Angebote sind freibleibend und unverbindlich. Die Medizinische Fakult\u00e4t der Otto-von-Guericke-Universit\u00e4t Magdeburg beh\u00e4lt es sich ausdr\u00fccklich vor, Teile der Seiten oder das gesamte Angebot ohne gesonderte Ank\u00fcndigung zu ver\u00e4ndern, zu erg\u00e4nzen, zu l\u00f6schen oder die Ver\u00f6ffentlichung zeitweise oder endg\u00fcltig einzustellen.<\/p>\n\n\n\n<p class=\"wp-block-paragraph\">2. Verweise und Links<\/p>\n\n\n\n<p class=\"wp-block-paragraph\">F\u00fcr Internetseiten Dritter, auf die die Medizinische Fakult\u00e4t der Otto-von-Guericke-Universit\u00e4t Magdeburg direkt oder indirekt verweist, tragen die jeweiligen Anbieter die Verantwortung. Die Medizinische Fakult\u00e4t der Otto-von-Guericke-Universit\u00e4t Magdeburg \u00fcbernimmt keine Haftung. Eine Haftungsverpflichtung w\u00fcrde ausschlie\u00dflich in dem Fall in Kraft treten, in dem die Medizinische Fakult\u00e4t der Otto-von-Guericke-Universit\u00e4t Magdeburg von den Inhalten Kenntnis hat und es technisch m\u00f6glich und zumutbar w\u00e4re, die Nutzung im Falle rechtswidriger Inhalte zu verhindern. Die Medizinische Fakult\u00e4t der Otto-von-Guericke-Universit\u00e4t Magdeburg erkl\u00e4rt daher ausdr\u00fccklich, dass zum Zeitpunkt der Link-Setzung die entsprechenden verlinkten Seiten frei von illegalen Inhalten waren. Auf die aktuelle und zuk\u00fcnftige Gestaltung, die Inhalte oder die Urheberschaft der gelinkten, verkn\u00fcpften Seiten hat die Medizinische Fakult\u00e4t der Otto-von-Guericke-Universit\u00e4t Magdeburg keinerlei Einfluss. Die Medizinische Fakult\u00e4t der Otto-von-Guericke-Universit\u00e4t Magdeburg distanziert sich hiermit ausdr\u00fccklich von allen Inhalten aller gelinkten\/verkn\u00fcpften Seiten, die nach der Link-Setzung ver\u00e4ndert wurden und macht sich diese nicht zu eigen. Diese Feststellung gilt f\u00fcr alle innerhalb des eigenen Internetangebotes gesetzten Links und Verweise sowie f\u00fcr Fremdeintr\u00e4ge. Sie gilt f\u00fcr s\u00e4mtliche Links und Linksammlungen die zurzeit bestehen oder in Zukunft bestehen werden. Dieses bezieht sich insbesondere auf pornografische, rassistische, obsz\u00f6ne und andere verbotene und\/oder gegen die guten Sitten versto\u00dfende Seiten. Sollte es trotzdem dazu kommen, dass durch einen von der Medizinischen Fakult\u00e4t der Otto-von-Guericke-Universit\u00e4t Magdeburg gesetzten Link auf eine solche Seite verwiesen wird, wird darum gebeten, die Medizinische Fakult\u00e4t der Otto-von-Guericke-Universit\u00e4t Magdeburg umgehend davon zu unterrichten, damit dieser Link entfernt werden kann.<\/p>\n\n\n\n<p class=\"wp-block-paragraph\">F\u00fcr illegale, fehlerhafte oder unvollst\u00e4ndige Inhalte und insbesondere f\u00fcr Sch\u00e4den, die aus der Nutzung oder Nichtnutzung solcher Art dargebotener Informationen entstehen, haftet allein der Anbieter der Seite, auf welche verwiesen wurde, nicht derjenige, der \u00fcber Links auf die jeweilige Ver\u00f6ffentlichung lediglich verweist.<\/p>\n\n\n\n<p class=\"wp-block-paragraph\">Es d\u00fcrfen keine Seiten auf andere Webseiten kopiert oder in diesen verlinkt werden, es sei denn mit vorheriger Absprache und ausdr\u00fccklicher Erlaubnis der Medizinischen Fakult\u00e4t der Otto-von-Guericke-Universit\u00e4t Magdeburg. Sofern andere Anbieter auf die Webseiten der Medizinischen Fakult\u00e4t der Otto-von-Guericke-Universit\u00e4t Magdeburg verweisen, ist die Medizinische Fakult\u00e4t der Otto-von-Guericke-Universit\u00e4t Magdeburg f\u00fcr die Darstellung und den Inhalt der Webseiten Dritter nicht verantwortlich.<\/p>\n\n\n\n<p class=\"wp-block-paragraph\">3. Urheber- und Kennzeichenrecht<\/p>\n\n\n\n<p class=\"wp-block-paragraph\">Die Medizinische Fakult\u00e4t der Otto-von-Guericke-Universit\u00e4t Magdeburg ist bestrebt, in allen Publikationen die Urheberrechte der verwendeten Grafiken, Tondokumente, Videosequenzen und Texte zu beachten, selbst erstellte Grafiken, Tondokumente, Videosequenzen und Texte zu nutzen oder auf lizenzfreie Grafiken, Tondokumente, Videosequenzen und Texte zur\u00fcckzugreifen. Alle innerhalb des Internetangebots genannten und ggf. durch Dritte gesch\u00fctzten Marken- und Warenzeichen unterliegen uneingeschr\u00e4nkt den Bestimmungen des jeweils g\u00fcltigen Kennzeichenrechts und den Besitzrechten der jeweiligen eingetragenen Eigent\u00fcmer allein aufgrund der blo\u00dfen Nennung ist nicht der Schluss zu ziehen, dass Markenzeichen nicht durch Rechte Dritter gesch\u00fctzt sind. Das Copyright f\u00fcr ver\u00f6ffentlichte, durch die Medizinische Fakult\u00e4t der Otto-von-Guericke-Universit\u00e4t Magdeburg selbst erstellte Objekte bleibt allein bei der Medizinischen Fakult\u00e4t der Otto-von-Guericke-Universit\u00e4t Magdeburg. Eine Vervielf\u00e4ltigung oder Verwendung solcher Grafiken, Tondokumente, Videosequenzen und Texte in anderen elektronischen oder gedruckten Publikationen ist ohne ausdr\u00fcckliche Zustimmung der Medizinischen Fakult\u00e4t der Otto-von-Guericke-Universit\u00e4t Magdeburg nicht gestattet. Online-Dokumente und Webseiten einschlie\u00dflich ihrer Teile d\u00fcrfen in einem solchen Fall nur unver\u00e4ndert und mit einem Copyright-Vermerk aufgenommen werden.<\/p>\n\n\n\n<p class=\"wp-block-paragraph\">Soweit die Medizinische Fakult\u00e4t der Otto-von-Guericke-Universit\u00e4t Magdeburg dem Nutzer Software zum Download im Rahmen der Webseiten anbietet, beschr\u00e4nkt sich die Nutzungsberechtigung des Nutzers auf die pers\u00f6nliche Verwendung im Rahmen der Nutzung der Webseiten.<\/p>\n\n\n\n<p class=\"wp-block-paragraph\">4. Datenschutz<\/p>\n\n\n\n<p class=\"wp-block-paragraph\">Sofern innerhalb des Internetangebots die M\u00f6glichkeit zur Eingabe pers\u00f6nlicher oder gesch\u00e4ftlicher Daten (E-Mail-Adressen, Namen, Anschriften) besteht, so erfolgt die Preisgabe dieser Daten seitens des Nutzers auf ausdr\u00fccklich freiwilliger Basis. Die Inanspruchnahme aller angebotenen Dienste ist, soweit technisch m\u00f6glich und zumutbar, auch ohne Angabe solcher Daten bzw. unter Angabe anonymisierter Daten oder eines Pseudonyms gestattet.<\/p>\n\n\n\n<p class=\"wp-block-paragraph\">5. Rechtswirksamkeit dieses Haftungsausschlusses<\/p>\n\n\n\n<p class=\"wp-block-paragraph\">Dieser Haftungsausschluss ist als Teil des gesamten Internetangebots zu betrachten, von dem aus auf diese Seite verwiesen wurde. Sofern Teile oder einzelne Formulierungen dieses Textes der geltenden Rechtslage nicht, nicht mehr oder nicht vollst\u00e4ndig entsprechen sollten, bleiben die \u00fcbrigen Teile des Dokuments in ihrem Inhalt und ihrer G\u00fcltigkeit davon unber\u00fchrt.<\/p>\n\n\n\n<p class=\"wp-block-paragraph\">Widerspruch:<\/p>\n\n\n\n<p class=\"wp-block-paragraph\">Sie haben die M\u00f6glichkeit zu verhindern, dass von Ihnen hier get\u00e4tigte Aktionen analysiert und verkn\u00fcpft werden. Dies wird Ihre Privatsph\u00e4re sch\u00fctzen, aber wird auch den Besitzer daran hindern, aus Ihren Aktionen zu lernen und die Bedienbarkeit f\u00fcr Sie und andere Benutzer zu verbessern.<\/p>\n\n\n\n<p class=\"wp-block-paragraph\">Formularbeginn<\/p>\n\n\n\n<p class=\"wp-block-paragraph\"><strong>Ihr Besuch dieser Webseite wird aktuell erfasst. Diese Checkbox abw\u00e4hlen f\u00fcr Opt-Out.<\/strong><\/p>\n\n\n\n<p class=\"wp-block-paragraph\">Formularende<\/p>\n\n\n\n<p class=\"wp-block-paragraph\"><strong>Weitere Informationen zum Web-Auftritt <\/strong>(<a href=\"https:\/\/www.ovgu.de\/Impressum\/Hinweise+zum+Impressum.html\">Technik, Inhalte, Layout und Hinweise f\u00fcr Administratoren und Redakteure<\/a> ) <strong>der Otto-von-Guericke-Universit\u00e4t Magdeburg.<\/strong><\/p>\n\n\n\n<h4 class=\"wp-block-heading\"><\/h4>\n\n\n\n<p class=\"wp-block-paragraph\"><\/p>\n\n\n\n<p class=\"wp-block-paragraph\"><\/p>\n","protected":false},"excerpt":{"rendered":"<p>Betreiber der Domain Sonderforschungsbereich 1436 Betreiber der Domain www.sfb1436.de, www.unlockingcognition.org, www.gehirn-mobilisieren.de Otto-von-Guericke Universit\u00e4tMedizinische Fakult\u00e4tInstitut f\u00fcr Kognitive Neurologie und DemenzforschungLeipziger Str. 4439120 Magdeburg Ansprechpartner: Dr. Julia R\u00f6diger Tel.: +49-391-67-25058Fax: +49-391-67-25060 Web: http:\/\/www.med.uni-magdeburg.de Haftungsausschluss \/ Copyright: 1. Inhalt des Online-Angebots Die Otto-von-Guericke-Universit\u00e4t Magdeburg, Medizinische Fakult\u00e4t, \u00fcbernimmt trotz sorgf\u00e4ltiger Beschaffung und Bereitstellung keine Haftung f\u00fcr die Richtigkeit, Vollst\u00e4ndigkeit, [&hellip;]<\/p>\n","protected":false},"author":4,"featured_media":0,"parent":0,"menu_order":9,"comment_status":"closed","ping_status":"closed","template":"","meta":{"_crdt_document":"","_uag_custom_page_level_css":"","footnotes":""},"class_list":["post-13787","page","type-page","status-publish","hentry"],"yoast_head":"<!-- This site is optimized with the Yoast SEO plugin v27.1.1 - https:\/\/yoast.com\/product\/yoast-seo-wordpress\/ -->\n<title>Impressum - SFB1436<\/title>\n<meta name=\"description\" content=\"Otto-von-Guericke Universit\u00e4t, Medizinische Fakult\u00e4tInstitut f\u00fcr Kognitive Neurologie und Demenzforschung, Leipziger Str. 44, 39120 Magdeburg\" \/>\n<meta name=\"robots\" content=\"index, follow, max-snippet:-1, max-image-preview:large, max-video-preview:-1\" \/>\n<link rel=\"canonical\" href=\"https:\/\/sfb1436.de\/de\/impressum\/\" \/>\n<meta property=\"og:locale\" content=\"de_DE\" \/>\n<meta property=\"og:type\" content=\"article\" \/>\n<meta property=\"og:title\" content=\"Impressum - SFB1436\" \/>\n<meta property=\"og:description\" content=\"Otto-von-Guericke Universit\u00e4t, Medizinische Fakult\u00e4tInstitut f\u00fcr Kognitive Neurologie und Demenzforschung, Leipziger Str. 44, 39120 Magdeburg\" \/>\n<meta property=\"og:url\" content=\"https:\/\/sfb1436.de\/de\/impressum\/\" \/>\n<meta property=\"og:site_name\" content=\"SFB1436\" \/>\n<meta property=\"article:modified_time\" content=\"2023-08-21T10:17:39+00:00\" \/>\n<meta name=\"twitter:card\" content=\"summary_large_image\" \/>\n<meta name=\"twitter:label1\" content=\"Gesch\u00e4tzte Lesezeit\" \/>\n\t<meta name=\"twitter:data1\" content=\"6\u00a0Minuten\" \/>\n<script type=\"application\/ld+json\" class=\"yoast-schema-graph\">{\"@context\":\"https:\/\/schema.org\",\"@graph\":[{\"@type\":\"WebPage\",\"@id\":\"https:\/\/sfb1436.de\/de\/impressum\/\",\"url\":\"https:\/\/sfb1436.de\/de\/impressum\/\",\"name\":\"Impressum - SFB1436\",\"isPartOf\":{\"@id\":\"https:\/\/sfb1436.de\/de\/#website\"},\"datePublished\":\"2022-06-21T08:18:35+00:00\",\"dateModified\":\"2023-08-21T10:17:39+00:00\",\"description\":\"Otto-von-Guericke Universit\u00e4t, Medizinische Fakult\u00e4tInstitut f\u00fcr Kognitive Neurologie und Demenzforschung, Leipziger Str. 44, 39120 Magdeburg\",\"breadcrumb\":{\"@id\":\"https:\/\/sfb1436.de\/de\/impressum\/#breadcrumb\"},\"inLanguage\":\"de\",\"potentialAction\":[{\"@type\":\"ReadAction\",\"target\":[\"https:\/\/sfb1436.de\/de\/impressum\/\"]}]},{\"@type\":\"BreadcrumbList\",\"@id\":\"https:\/\/sfb1436.de\/de\/impressum\/#breadcrumb\",\"itemListElement\":[{\"@type\":\"ListItem\",\"position\":1,\"name\":\"Startseite\",\"item\":\"https:\/\/sfb1436.de\/de\/\"},{\"@type\":\"ListItem\",\"position\":2,\"name\":\"Impressum\"}]},{\"@type\":\"WebSite\",\"@id\":\"https:\/\/sfb1436.de\/de\/#website\",\"url\":\"https:\/\/sfb1436.de\/de\/\",\"name\":\"SFB1436\",\"description\":\"\",\"publisher\":{\"@id\":\"https:\/\/sfb1436.de\/de\/#organization\"},\"potentialAction\":[{\"@type\":\"SearchAction\",\"target\":{\"@type\":\"EntryPoint\",\"urlTemplate\":\"https:\/\/sfb1436.de\/de\/?s={search_term_string}\"},\"query-input\":{\"@type\":\"PropertyValueSpecification\",\"valueRequired\":true,\"valueName\":\"search_term_string\"}}],\"inLanguage\":\"de\"},{\"@type\":\"Organization\",\"@id\":\"https:\/\/sfb1436.de\/de\/#organization\",\"name\":\"Otto-von-Guericke Universit\u00e4t Medizinische Fakult\u00e4t Institut f\u00fcr Kognitive Neurologie und Demenzforschung\",\"url\":\"https:\/\/sfb1436.de\/de\/\",\"logo\":{\"@type\":\"ImageObject\",\"inLanguage\":\"de\",\"@id\":\"https:\/\/sfb1436.de\/de\/#\/schema\/logo\/image\/\",\"url\":\"https:\/\/sfb1436.de\/wp-content\/uploads\/2021\/12\/logo-sfb.png\",\"contentUrl\":\"https:\/\/sfb1436.de\/wp-content\/uploads\/2021\/12\/logo-sfb.png\",\"width\":1244,\"height\":820,\"caption\":\"Otto-von-Guericke Universit\u00e4t Medizinische Fakult\u00e4t Institut f\u00fcr Kognitive Neurologie und Demenzforschung\"},\"image\":{\"@id\":\"https:\/\/sfb1436.de\/de\/#\/schema\/logo\/image\/\"}}]}<\/script>\n<!-- \/ Yoast SEO plugin. -->","yoast_head_json":{"title":"Impressum - SFB1436","description":"Otto-von-Guericke Universit\u00e4t, Medizinische Fakult\u00e4tInstitut f\u00fcr Kognitive Neurologie und Demenzforschung, Leipziger Str. 44, 39120 Magdeburg","robots":{"index":"index","follow":"follow","max-snippet":"max-snippet:-1","max-image-preview":"max-image-preview:large","max-video-preview":"max-video-preview:-1"},"canonical":"https:\/\/sfb1436.de\/de\/impressum\/","og_locale":"de_DE","og_type":"article","og_title":"Impressum - SFB1436","og_description":"Otto-von-Guericke Universit\u00e4t, Medizinische Fakult\u00e4tInstitut f\u00fcr Kognitive Neurologie und Demenzforschung, Leipziger Str. 44, 39120 Magdeburg","og_url":"https:\/\/sfb1436.de\/de\/impressum\/","og_site_name":"SFB1436","article_modified_time":"2023-08-21T10:17:39+00:00","twitter_card":"summary_large_image","twitter_misc":{"Gesch\u00e4tzte Lesezeit":"6\u00a0Minuten"},"schema":{"@context":"https:\/\/schema.org","@graph":[{"@type":"WebPage","@id":"https:\/\/sfb1436.de\/de\/impressum\/","url":"https:\/\/sfb1436.de\/de\/impressum\/","name":"Impressum - SFB1436","isPartOf":{"@id":"https:\/\/sfb1436.de\/de\/#website"},"datePublished":"2022-06-21T08:18:35+00:00","dateModified":"2023-08-21T10:17:39+00:00","description":"Otto-von-Guericke Universit\u00e4t, Medizinische Fakult\u00e4tInstitut f\u00fcr Kognitive Neurologie und Demenzforschung, Leipziger Str. 44, 39120 Magdeburg","breadcrumb":{"@id":"https:\/\/sfb1436.de\/de\/impressum\/#breadcrumb"},"inLanguage":"de","potentialAction":[{"@type":"ReadAction","target":["https:\/\/sfb1436.de\/de\/impressum\/"]}]},{"@type":"BreadcrumbList","@id":"https:\/\/sfb1436.de\/de\/impressum\/#breadcrumb","itemListElement":[{"@type":"ListItem","position":1,"name":"Startseite","item":"https:\/\/sfb1436.de\/de\/"},{"@type":"ListItem","position":2,"name":"Impressum"}]},{"@type":"WebSite","@id":"https:\/\/sfb1436.de\/de\/#website","url":"https:\/\/sfb1436.de\/de\/","name":"SFB1436","description":"","publisher":{"@id":"https:\/\/sfb1436.de\/de\/#organization"},"potentialAction":[{"@type":"SearchAction","target":{"@type":"EntryPoint","urlTemplate":"https:\/\/sfb1436.de\/de\/?s={search_term_string}"},"query-input":{"@type":"PropertyValueSpecification","valueRequired":true,"valueName":"search_term_string"}}],"inLanguage":"de"},{"@type":"Organization","@id":"https:\/\/sfb1436.de\/de\/#organization","name":"Otto-von-Guericke Universit\u00e4t Medizinische Fakult\u00e4t Institut f\u00fcr Kognitive Neurologie und Demenzforschung","url":"https:\/\/sfb1436.de\/de\/","logo":{"@type":"ImageObject","inLanguage":"de","@id":"https:\/\/sfb1436.de\/de\/#\/schema\/logo\/image\/","url":"https:\/\/sfb1436.de\/wp-content\/uploads\/2021\/12\/logo-sfb.png","contentUrl":"https:\/\/sfb1436.de\/wp-content\/uploads\/2021\/12\/logo-sfb.png","width":1244,"height":820,"caption":"Otto-von-Guericke Universit\u00e4t Medizinische Fakult\u00e4t Institut f\u00fcr Kognitive Neurologie und Demenzforschung"},"image":{"@id":"https:\/\/sfb1436.de\/de\/#\/schema\/logo\/image\/"}}]}},"uagb_featured_image_src":{"full":false,"thumbnail":false,"medium":false,"medium_large":false,"large":false,"gs-tiny":false,"xl":false,"xxl":false,"xxxl":false,"xxxxl":false,"xxxxxl":false,"1536x1536":false,"2048x2048":false,"awsm_team":false},"uagb_author_info":{"display_name":"redakteur","author_link":"https:\/\/sfb1436.de\/de\/author\/redakteur\/"},"uagb_comment_info":0,"uagb_excerpt":"Betreiber der Domain Sonderforschungsbereich 1436 Betreiber der Domain www.sfb1436.de, www.unlockingcognition.org, www.gehirn-mobilisieren.de Otto-von-Guericke Universit\u00e4tMedizinische Fakult\u00e4tInstitut f\u00fcr Kognitive Neurologie und DemenzforschungLeipziger Str. 4439120 Magdeburg Ansprechpartner: Dr. Julia R\u00f6diger Tel.: +49-391-67-25058Fax: +49-391-67-25060 Web: http:\/\/www.med.uni-magdeburg.de Haftungsausschluss \/ Copyright: 1. Inhalt des Online-Angebots Die Otto-von-Guericke-Universit\u00e4t Magdeburg, Medizinische Fakult\u00e4t, \u00fcbernimmt trotz sorgf\u00e4ltiger Beschaffung und Bereitstellung keine Haftung f\u00fcr die Richtigkeit, Vollst\u00e4ndigkeit,&hellip;","_links":{"self":[{"href":"https:\/\/sfb1436.de\/de\/wp-json\/wp\/v2\/pages\/13787","targetHints":{"allow":["GET"]}}],"collection":[{"href":"https:\/\/sfb1436.de\/de\/wp-json\/wp\/v2\/pages"}],"about":[{"href":"https:\/\/sfb1436.de\/de\/wp-json\/wp\/v2\/types\/page"}],"author":[{"embeddable":true,"href":"https:\/\/sfb1436.de\/de\/wp-json\/wp\/v2\/users\/4"}],"replies":[{"embeddable":true,"href":"https:\/\/sfb1436.de\/de\/wp-json\/wp\/v2\/comments?post=13787"}],"version-history":[{"count":10,"href":"https:\/\/sfb1436.de\/de\/wp-json\/wp\/v2\/pages\/13787\/revisions"}],"predecessor-version":[{"id":14402,"href":"https:\/\/sfb1436.de\/de\/wp-json\/wp\/v2\/pages\/13787\/revisions\/14402"}],"wp:attachment":[{"href":"https:\/\/sfb1436.de\/de\/wp-json\/wp\/v2\/media?parent=13787"}],"curies":[{"name":"wp","href":"https:\/\/api.w.org\/{rel}","templated":true}]}}