{"id":10621,"date":"2022-05-04T14:59:06","date_gmt":"2022-05-04T12:59:06","guid":{"rendered":"https:\/\/sfb1436.de\/graduate-school\/irtg-graduation-at-ovgu\/"},"modified":"2025-05-19T06:29:49","modified_gmt":"2025-05-19T04:29:49","slug":"irtg-graduation-at-ovgu","status":"publish","type":"page","link":"https:\/\/sfb1436.de\/de\/graduate-school\/irtg-graduation-at-ovgu\/","title":{"rendered":"IRTG &#8211; Abschluss an der OVGU"},"content":{"rendered":"\n<div class=\"logo-box\"><a href=\"\/\" class=\"logo-graduateschool\"><\/a><\/div>\n\n\n\n<div style=\"height:30px\" aria-hidden=\"true\" class=\"wp-block-spacer\"><\/div>\n\n\n\n<div class=\"wp-block-columns alignwide is-layout-flex wp-container-core-columns-is-layout-f56f613f wp-block-columns-is-layout-flex\">\n<div class=\"wp-block-column is-layout-flow wp-block-column-is-layout-flow\">\n<h2 class=\"wp-block-heading has-text-align-center\" id=\"environment-of-the-integrated-research-training-group\"><strong>Umfeld des Integrierten Graduiertenkollegs<\/strong><\/h2>\n\n\n\n<p class=\"has-text-align-center wp-block-paragraph\">Das IRTG ist eingebettet in eine lebendige Forschungsgemeinschaft innerhalb des SFBs 1436 und des neurowissenschaftlichen Campus Magdeburg. Die Doktoranden werden an der Naturwissenschaftlichen Fakult\u00e4t und die medizinischen Doktoranden an der Medizinischen Fakult\u00e4t der OVGU eingeschrieben sein. Die neurowissenschaftliche Doktorandenausbildung auf dem Campus wird durch das <a href=\"https:\/\/cbbsgp.med.ovgu.de\/\" target=\"_blank\" rel=\"noreferrer noopener\">CBBS-Graduiertenprogramm<\/a> (Sprecher Oliver Stork) organisiert, das Aktivit\u00e4ten b\u00fcndelt und sowohl Doktoranden als auch Postdoktoranden speziell im Bereich der Neurowissenschaften Informationen und Ausbildungsunterst\u00fctzung bietet. So haben die Mitglieder des IRTG Zugang zu Vorlesungen, Seminaren und praktischen Aktivit\u00e4ten, die von den Graduierten- und Postgraduiertenaktivit\u00e4ten organisiert werden. Im Gegenzug steht unser Programm nach M\u00f6glichkeit auch anderen jungen Forschern offen, die im CBBS-Graduiertenprogramm eingeschrieben sind. Workshops werden in Zusammenarbeit mit anderen neurowissenschaftlichen Graduiertenschulen auf dem Campus wie<a href=\"https:\/\/rtg2413.med.ovgu.de\/\" target=\"_blank\" rel=\"noreferrer noopener\"> SynAGE<\/a> (Oliver Stork) und <a href=\"https:\/\/www.leibniz-bildung.de\/ueber-uns\/nachwuchsfoerderung\/abinep\" target=\"_blank\" rel=\"noreferrer noopener\">ABINEP<\/a> (Volkmar Le\u00dfmann, Constanze Seidenbecher) organisiert, um einen maximalen Austausch und Interaktion zu erm\u00f6glichen.<\/p>\n\n\n\n<p class=\"has-text-align-center wp-block-paragraph\">Die \u00fcbergeordnete <a href=\"https:\/\/www.grs.ovgu.de\/\" target=\"_blank\" rel=\"noreferrer noopener\">OVGU-Graduiertenakademie<\/a> bietet Unterst\u00fctzung in allen Angelegenheiten, die \u00fcber das regul\u00e4re Studium hinausgehen, organisiert Kurse f\u00fcr au\u00dferschulische F\u00e4higkeiten und koordiniert Aktivit\u00e4ten zur F\u00f6rderung der Gleichstellung der Geschlechter, der Vielfalt und der Unterst\u00fctzung von Wissenschaftlern mit kleinen Kindern. Die FME ist auch Teil der <a href=\"https:\/\/cognition.maxplanckschools.org\/de\" target=\"_blank\" rel=\"noreferrer noopener\">Max Planck School of Cognition<\/a> (Fellow Emrah D\u00fczel) und bietet damit Mitgliedern und Studierenden des SFB die M\u00f6glichkeit, mit den Schulen und Fellows in Kontakt zu treten.<\/p>\n\n\n\n<p class=\"has-text-align-center wp-block-paragraph\">Die SFB-Leitung verf\u00fcgen \u00fcber langj\u00e4hrige Erfahrung in der Graduiertenausbildung und sind erfahren in der Organisation strukturierter Graduiertenausbildung (MGK779, MKG854, MGK TRR 62, GRK1167, GRK2413, EU-ITNs &#8222;ECMED&#8220;, &#8222;NPlast&#8220; (koordiniert in Magdeburg) und &#8222;r&#8217;BIRTH&#8220;, Leibniz-Graduiertenschule &#8222;Synaptogenetics&#8220;) sowie in der Postdoc-Ausbildung (Leibniz-Postdoc-Netzwerk &#8222;LPN&#8220;, &#8222;CBBS Science Campus&#8220;).<\/p>\n<\/div>\n<\/div>\n\n\n\n<div class=\"wp-block-columns alignwide has-tertiary-background-color has-background is-layout-flex wp-container-core-columns-is-layout-f56f613f wp-block-columns-is-layout-flex\">\n<div class=\"wp-block-column is-layout-flow wp-block-column-is-layout-flow\">\n<figure class=\"wp-block-image aligncenter size-large is-resized\"><a href=\"https:\/\/sfb1436.de\/wp-content\/uploads\/2025\/02\/Promotion-of-Early-Career-Researchers-1024x644.webp\"><img fetchpriority=\"high\" decoding=\"async\" width=\"1024\" height=\"644\" src=\"https:\/\/sfb1436.de\/wp-content\/uploads\/2025\/02\/Promotion-of-Early-Career-Researchers-1024x644.webp\" alt=\"Umfeld des Integrierten Graduiertenkollegs\" class=\"wp-image-26189\" style=\"width:auto;height:450px\" srcset=\"https:\/\/sfb1436.de\/wp-content\/uploads\/2025\/02\/Promotion-of-Early-Career-Researchers-1024x644.webp 1024w, https:\/\/sfb1436.de\/wp-content\/uploads\/2025\/02\/Promotion-of-Early-Career-Researchers-300x189.webp 300w, https:\/\/sfb1436.de\/wp-content\/uploads\/2025\/02\/Promotion-of-Early-Career-Researchers-768x483.webp 768w, https:\/\/sfb1436.de\/wp-content\/uploads\/2025\/02\/Promotion-of-Early-Career-Researchers-50x31.webp 50w, https:\/\/sfb1436.de\/wp-content\/uploads\/2025\/02\/Promotion-of-Early-Career-Researchers.webp 1196w\" sizes=\"(max-width: 1024px) 100vw, 1024px\" \/><\/a><\/figure>\n<\/div>\n<\/div>\n\n\n\n<div class=\"wp-block-buttons alignwide mobile-padding is-content-justification-right is-layout-flex wp-container-core-buttons-is-layout-938471dc wp-block-buttons-is-layout-flex\">\n<div class=\"wp-block-button is-style-outline is-style-outline--1\"><a class=\"wp-block-button__link has-white-color has-text-color wp-element-button\" href=\"https:\/\/sfb1436.de\/de\/graduate-school\/\">Zur\u00fcck zur Graduiertenschule<\/a><\/div>\n<\/div>\n\n\n\n<div style=\"height:49px\" aria-hidden=\"true\" class=\"wp-block-spacer\"><\/div>\n","protected":false},"excerpt":{"rendered":"<p>Umfeld des Integrierten Graduiertenkollegs Das IRTG ist eingebettet in eine lebendige Forschungsgemeinschaft innerhalb des SFBs 1436 und des neurowissenschaftlichen Campus Magdeburg. Die Doktoranden werden an der Naturwissenschaftlichen Fakult\u00e4t und die medizinischen Doktoranden an der Medizinischen Fakult\u00e4t der OVGU eingeschrieben sein. Die neurowissenschaftliche Doktorandenausbildung auf dem Campus wird durch das CBBS-Graduiertenprogramm (Sprecher Oliver Stork) organisiert, das [&hellip;]<\/p>\n","protected":false},"author":4,"featured_media":0,"parent":10614,"menu_order":0,"comment_status":"closed","ping_status":"closed","template":"","meta":{"_crdt_document":"","_uag_custom_page_level_css":"","footnotes":""},"class_list":["post-10621","page","type-page","status-publish","hentry"],"yoast_head":"<!-- This site is optimized with the Yoast SEO plugin v27.1.1 - https:\/\/yoast.com\/product\/yoast-seo-wordpress\/ -->\n<title>IRTG - Abschluss an der OVGU - SFB1436<\/title>\n<meta name=\"description\" content=\"Das IRTG ist eingebettet in eine lebendige Forschungsgemeinschaft innerhalb des SFBs 1436 und des neurowissenschaftlichen Campus Magdeburg.\" \/>\n<meta name=\"robots\" content=\"index, follow, max-snippet:-1, max-image-preview:large, max-video-preview:-1\" \/>\n<link rel=\"canonical\" href=\"https:\/\/sfb1436.de\/de\/graduate-school\/irtg-graduation-at-ovgu\/\" \/>\n<meta property=\"og:locale\" content=\"de_DE\" \/>\n<meta property=\"og:type\" content=\"article\" \/>\n<meta property=\"og:title\" content=\"IRTG - Abschluss an der OVGU - SFB1436\" \/>\n<meta property=\"og:description\" content=\"Das IRTG ist eingebettet in eine lebendige Forschungsgemeinschaft innerhalb des SFBs 1436 und des neurowissenschaftlichen Campus Magdeburg.\" \/>\n<meta property=\"og:url\" content=\"https:\/\/sfb1436.de\/de\/graduate-school\/irtg-graduation-at-ovgu\/\" \/>\n<meta property=\"og:site_name\" content=\"SFB1436\" \/>\n<meta property=\"article:modified_time\" content=\"2025-05-19T04:29:49+00:00\" \/>\n<meta property=\"og:image\" content=\"https:\/\/sfb1436.de\/wp-content\/uploads\/2025\/02\/Promotion-of-Early-Career-Researchers.webp\" \/>\n\t<meta property=\"og:image:width\" content=\"1196\" \/>\n\t<meta property=\"og:image:height\" content=\"752\" \/>\n\t<meta property=\"og:image:type\" content=\"image\/webp\" \/>\n<meta name=\"twitter:card\" content=\"summary_large_image\" \/>\n<meta name=\"twitter:label1\" content=\"Gesch\u00e4tzte Lesezeit\" \/>\n\t<meta name=\"twitter:data1\" content=\"2\u00a0Minuten\" \/>\n<script type=\"application\/ld+json\" class=\"yoast-schema-graph\">{\"@context\":\"https:\/\/schema.org\",\"@graph\":[{\"@type\":\"WebPage\",\"@id\":\"https:\/\/sfb1436.de\/de\/graduate-school\/irtg-graduation-at-ovgu\/\",\"url\":\"https:\/\/sfb1436.de\/de\/graduate-school\/irtg-graduation-at-ovgu\/\",\"name\":\"IRTG - Abschluss an der OVGU - SFB1436\",\"isPartOf\":{\"@id\":\"https:\/\/sfb1436.de\/de\/#website\"},\"primaryImageOfPage\":{\"@id\":\"https:\/\/sfb1436.de\/de\/graduate-school\/irtg-graduation-at-ovgu\/#primaryimage\"},\"image\":{\"@id\":\"https:\/\/sfb1436.de\/de\/graduate-school\/irtg-graduation-at-ovgu\/#primaryimage\"},\"thumbnailUrl\":\"https:\/\/sfb1436.de\/wp-content\/uploads\/2025\/02\/Promotion-of-Early-Career-Researchers-1024x644.webp\",\"datePublished\":\"2022-05-04T12:59:06+00:00\",\"dateModified\":\"2025-05-19T04:29:49+00:00\",\"description\":\"Das IRTG ist eingebettet in eine lebendige Forschungsgemeinschaft innerhalb des SFBs 1436 und des neurowissenschaftlichen Campus Magdeburg.\",\"breadcrumb\":{\"@id\":\"https:\/\/sfb1436.de\/de\/graduate-school\/irtg-graduation-at-ovgu\/#breadcrumb\"},\"inLanguage\":\"de\",\"potentialAction\":[{\"@type\":\"ReadAction\",\"target\":[\"https:\/\/sfb1436.de\/de\/graduate-school\/irtg-graduation-at-ovgu\/\"]}]},{\"@type\":\"ImageObject\",\"inLanguage\":\"de\",\"@id\":\"https:\/\/sfb1436.de\/de\/graduate-school\/irtg-graduation-at-ovgu\/#primaryimage\",\"url\":\"https:\/\/sfb1436.de\/wp-content\/uploads\/2025\/02\/Promotion-of-Early-Career-Researchers-1024x644.webp\",\"contentUrl\":\"https:\/\/sfb1436.de\/wp-content\/uploads\/2025\/02\/Promotion-of-Early-Career-Researchers-1024x644.webp\"},{\"@type\":\"BreadcrumbList\",\"@id\":\"https:\/\/sfb1436.de\/de\/graduate-school\/irtg-graduation-at-ovgu\/#breadcrumb\",\"itemListElement\":[{\"@type\":\"ListItem\",\"position\":1,\"name\":\"Startseite\",\"item\":\"https:\/\/sfb1436.de\/de\/\"},{\"@type\":\"ListItem\",\"position\":2,\"name\":\"Graduiertenschule\",\"item\":\"https:\/\/sfb1436.de\/de\/graduate-school\/\"},{\"@type\":\"ListItem\",\"position\":3,\"name\":\"IRTG &#8211; Abschluss an der OVGU\"}]},{\"@type\":\"WebSite\",\"@id\":\"https:\/\/sfb1436.de\/de\/#website\",\"url\":\"https:\/\/sfb1436.de\/de\/\",\"name\":\"SFB1436\",\"description\":\"\",\"publisher\":{\"@id\":\"https:\/\/sfb1436.de\/de\/#organization\"},\"potentialAction\":[{\"@type\":\"SearchAction\",\"target\":{\"@type\":\"EntryPoint\",\"urlTemplate\":\"https:\/\/sfb1436.de\/de\/?s={search_term_string}\"},\"query-input\":{\"@type\":\"PropertyValueSpecification\",\"valueRequired\":true,\"valueName\":\"search_term_string\"}}],\"inLanguage\":\"de\"},{\"@type\":\"Organization\",\"@id\":\"https:\/\/sfb1436.de\/de\/#organization\",\"name\":\"Otto-von-Guericke Universit\u00e4t Medizinische Fakult\u00e4t Institut f\u00fcr Kognitive Neurologie und Demenzforschung\",\"url\":\"https:\/\/sfb1436.de\/de\/\",\"logo\":{\"@type\":\"ImageObject\",\"inLanguage\":\"de\",\"@id\":\"https:\/\/sfb1436.de\/de\/#\/schema\/logo\/image\/\",\"url\":\"https:\/\/sfb1436.de\/wp-content\/uploads\/2021\/12\/logo-sfb.png\",\"contentUrl\":\"https:\/\/sfb1436.de\/wp-content\/uploads\/2021\/12\/logo-sfb.png\",\"width\":1244,\"height\":820,\"caption\":\"Otto-von-Guericke Universit\u00e4t Medizinische Fakult\u00e4t Institut f\u00fcr Kognitive Neurologie und Demenzforschung\"},\"image\":{\"@id\":\"https:\/\/sfb1436.de\/de\/#\/schema\/logo\/image\/\"}}]}<\/script>\n<!-- \/ Yoast SEO plugin. -->","yoast_head_json":{"title":"IRTG - Abschluss an der OVGU - SFB1436","description":"Das IRTG ist eingebettet in eine lebendige Forschungsgemeinschaft innerhalb des SFBs 1436 und des neurowissenschaftlichen Campus Magdeburg.","robots":{"index":"index","follow":"follow","max-snippet":"max-snippet:-1","max-image-preview":"max-image-preview:large","max-video-preview":"max-video-preview:-1"},"canonical":"https:\/\/sfb1436.de\/de\/graduate-school\/irtg-graduation-at-ovgu\/","og_locale":"de_DE","og_type":"article","og_title":"IRTG - Abschluss an der OVGU - SFB1436","og_description":"Das IRTG ist eingebettet in eine lebendige Forschungsgemeinschaft innerhalb des SFBs 1436 und des neurowissenschaftlichen Campus Magdeburg.","og_url":"https:\/\/sfb1436.de\/de\/graduate-school\/irtg-graduation-at-ovgu\/","og_site_name":"SFB1436","article_modified_time":"2025-05-19T04:29:49+00:00","og_image":[{"width":1196,"height":752,"url":"https:\/\/sfb1436.de\/wp-content\/uploads\/2025\/02\/Promotion-of-Early-Career-Researchers.webp","type":"image\/webp"}],"twitter_card":"summary_large_image","twitter_misc":{"Gesch\u00e4tzte Lesezeit":"2\u00a0Minuten"},"schema":{"@context":"https:\/\/schema.org","@graph":[{"@type":"WebPage","@id":"https:\/\/sfb1436.de\/de\/graduate-school\/irtg-graduation-at-ovgu\/","url":"https:\/\/sfb1436.de\/de\/graduate-school\/irtg-graduation-at-ovgu\/","name":"IRTG - Abschluss an der OVGU - SFB1436","isPartOf":{"@id":"https:\/\/sfb1436.de\/de\/#website"},"primaryImageOfPage":{"@id":"https:\/\/sfb1436.de\/de\/graduate-school\/irtg-graduation-at-ovgu\/#primaryimage"},"image":{"@id":"https:\/\/sfb1436.de\/de\/graduate-school\/irtg-graduation-at-ovgu\/#primaryimage"},"thumbnailUrl":"https:\/\/sfb1436.de\/wp-content\/uploads\/2025\/02\/Promotion-of-Early-Career-Researchers-1024x644.webp","datePublished":"2022-05-04T12:59:06+00:00","dateModified":"2025-05-19T04:29:49+00:00","description":"Das IRTG ist eingebettet in eine lebendige Forschungsgemeinschaft innerhalb des SFBs 1436 und des neurowissenschaftlichen Campus Magdeburg.","breadcrumb":{"@id":"https:\/\/sfb1436.de\/de\/graduate-school\/irtg-graduation-at-ovgu\/#breadcrumb"},"inLanguage":"de","potentialAction":[{"@type":"ReadAction","target":["https:\/\/sfb1436.de\/de\/graduate-school\/irtg-graduation-at-ovgu\/"]}]},{"@type":"ImageObject","inLanguage":"de","@id":"https:\/\/sfb1436.de\/de\/graduate-school\/irtg-graduation-at-ovgu\/#primaryimage","url":"https:\/\/sfb1436.de\/wp-content\/uploads\/2025\/02\/Promotion-of-Early-Career-Researchers-1024x644.webp","contentUrl":"https:\/\/sfb1436.de\/wp-content\/uploads\/2025\/02\/Promotion-of-Early-Career-Researchers-1024x644.webp"},{"@type":"BreadcrumbList","@id":"https:\/\/sfb1436.de\/de\/graduate-school\/irtg-graduation-at-ovgu\/#breadcrumb","itemListElement":[{"@type":"ListItem","position":1,"name":"Startseite","item":"https:\/\/sfb1436.de\/de\/"},{"@type":"ListItem","position":2,"name":"Graduiertenschule","item":"https:\/\/sfb1436.de\/de\/graduate-school\/"},{"@type":"ListItem","position":3,"name":"IRTG &#8211; Abschluss an der OVGU"}]},{"@type":"WebSite","@id":"https:\/\/sfb1436.de\/de\/#website","url":"https:\/\/sfb1436.de\/de\/","name":"SFB1436","description":"","publisher":{"@id":"https:\/\/sfb1436.de\/de\/#organization"},"potentialAction":[{"@type":"SearchAction","target":{"@type":"EntryPoint","urlTemplate":"https:\/\/sfb1436.de\/de\/?s={search_term_string}"},"query-input":{"@type":"PropertyValueSpecification","valueRequired":true,"valueName":"search_term_string"}}],"inLanguage":"de"},{"@type":"Organization","@id":"https:\/\/sfb1436.de\/de\/#organization","name":"Otto-von-Guericke Universit\u00e4t Medizinische Fakult\u00e4t Institut f\u00fcr Kognitive Neurologie und Demenzforschung","url":"https:\/\/sfb1436.de\/de\/","logo":{"@type":"ImageObject","inLanguage":"de","@id":"https:\/\/sfb1436.de\/de\/#\/schema\/logo\/image\/","url":"https:\/\/sfb1436.de\/wp-content\/uploads\/2021\/12\/logo-sfb.png","contentUrl":"https:\/\/sfb1436.de\/wp-content\/uploads\/2021\/12\/logo-sfb.png","width":1244,"height":820,"caption":"Otto-von-Guericke Universit\u00e4t Medizinische Fakult\u00e4t Institut f\u00fcr Kognitive Neurologie und Demenzforschung"},"image":{"@id":"https:\/\/sfb1436.de\/de\/#\/schema\/logo\/image\/"}}]}},"uagb_featured_image_src":{"full":false,"thumbnail":false,"medium":false,"medium_large":false,"large":false,"gs-tiny":false,"xl":false,"xxl":false,"xxxl":false,"xxxxl":false,"xxxxxl":false,"1536x1536":false,"2048x2048":false,"awsm_team":false},"uagb_author_info":{"display_name":"redakteur","author_link":"https:\/\/sfb1436.de\/de\/author\/redakteur\/"},"uagb_comment_info":0,"uagb_excerpt":"Umfeld des Integrierten Graduiertenkollegs Das IRTG ist eingebettet in eine lebendige Forschungsgemeinschaft innerhalb des SFBs 1436 und des neurowissenschaftlichen Campus Magdeburg. Die Doktoranden werden an der Naturwissenschaftlichen Fakult\u00e4t und die medizinischen Doktoranden an der Medizinischen Fakult\u00e4t der OVGU eingeschrieben sein. Die neurowissenschaftliche Doktorandenausbildung auf dem Campus wird durch das CBBS-Graduiertenprogramm (Sprecher Oliver Stork) organisiert, das&hellip;","_links":{"self":[{"href":"https:\/\/sfb1436.de\/de\/wp-json\/wp\/v2\/pages\/10621","targetHints":{"allow":["GET"]}}],"collection":[{"href":"https:\/\/sfb1436.de\/de\/wp-json\/wp\/v2\/pages"}],"about":[{"href":"https:\/\/sfb1436.de\/de\/wp-json\/wp\/v2\/types\/page"}],"author":[{"embeddable":true,"href":"https:\/\/sfb1436.de\/de\/wp-json\/wp\/v2\/users\/4"}],"replies":[{"embeddable":true,"href":"https:\/\/sfb1436.de\/de\/wp-json\/wp\/v2\/comments?post=10621"}],"version-history":[{"count":26,"href":"https:\/\/sfb1436.de\/de\/wp-json\/wp\/v2\/pages\/10621\/revisions"}],"predecessor-version":[{"id":27458,"href":"https:\/\/sfb1436.de\/de\/wp-json\/wp\/v2\/pages\/10621\/revisions\/27458"}],"up":[{"embeddable":true,"href":"https:\/\/sfb1436.de\/de\/wp-json\/wp\/v2\/pages\/10614"}],"wp:attachment":[{"href":"https:\/\/sfb1436.de\/de\/wp-json\/wp\/v2\/media?parent=10621"}],"curies":[{"name":"wp","href":"https:\/\/api.w.org\/{rel}","templated":true}]}}